{"id":10408,"date":"2025-10-04T12:07:33","date_gmt":"2025-10-04T12:07:33","guid":{"rendered":"https:\/\/seldefrance.de\/?post_type=product&#038;p=10408"},"modified":"2025-10-04T15:55:49","modified_gmt":"2025-10-04T15:55:49","slug":"fleur-de-sel","status":"publish","type":"product","link":"https:\/\/seldefrance.de\/?product=fleur-de-sel","title":{"rendered":"Salz Medium"},"content":{"rendered":"<p><b>Fleur de Sel<\/b> (franz\u00f6sisch f\u00fcr \u201eSalzblume\u201c) ist ein <b>feines, handgesch\u00f6pftes Meersalz<\/b>, das nur an der <b>Oberfl\u00e4che von Salinen<\/b> entsteht. Es bildet sich bei idealen Wetterbedingungen als hauchd\u00fcnne Schicht, die vorsichtig <b>von Hand geerntet<\/b> wird.<\/p>\n<p>Dank seiner einzigartigen Kristallstruktur ist es <b>besonders zart<\/b> und <b>schmilzt sanft auf der Zunge<\/b>. Es hat einen <b>milden, komplexen Geschmack<\/b>, der die Aromen Ihrer Speisen subtil hervorhebt, ohne sie zu \u00fcberdecken.<\/p>\n<p><b>Perfekt als \u201eFinishing Salt\u201c<\/b> zum Verfeinern von Salaten, Steaks, Fisch oder Gem\u00fcse kurz vor dem Servieren. Ein Muss f\u00fcr Gourmet-K\u00fcchen.<\/p>\n","protected":false},"excerpt":{"rendered":"<p>Fleur de Sel (franz\u00f6sisch f\u00fcr \u201eSalzblume\u201c) ist ein feines, handgesch\u00f6pftes Meersalz, das nur an der Oberfl\u00e4che von Salinen entsteht. Es bildet sich bei idealen Wetterbedingungen als hauchd\u00fcnne Schicht, die vorsichtig von Hand geerntet wird. Dank seiner einzigartigen Kristallstruktur ist es besonders zart und schmilzt sanft auf der Zunge. Es hat einen milden, komplexen Geschmack, der&#8230;<\/p>\n","protected":false},"featured_media":10419,"comment_status":"open","ping_status":"closed","template":"","meta":[],"product_brand":[],"product_cat":[15],"product_tag":[135,134],"location":[116],"class_list":{"0":"post-10408","1":"product","2":"type-product","3":"status-publish","4":"has-post-thumbnail","6":"product_cat-unkategorisiert","7":"product_tag-noirmoutier","8":"product_tag-salz","9":"product_shipping_class-2-day-delivery","10":"location-noirmoutier","11":"nt-post-class","12":"","15":"excerpt-none","18":"first","19":"instock","20":"shipping-taxable","21":"purchasable","22":"product-type-simple"},"yoast_head":"<!-- This site is optimized with the Yoast SEO plugin v27.2 - https:\/\/yoast.com\/product\/yoast-seo-wordpress\/ -->\n<title>Salz Medium - Sel de France<\/title>\n<meta name=\"robots\" content=\"index, follow, max-snippet:-1, max-image-preview:large, max-video-preview:-1\" \/>\n<link rel=\"canonical\" href=\"https:\/\/seldefrance.de\/?product=fleur-de-sel\" \/>\n<meta property=\"og:locale\" content=\"de_DE\" \/>\n<meta property=\"og:type\" content=\"article\" \/>\n<meta property=\"og:title\" content=\"Salz Medium - Sel de France\" \/>\n<meta property=\"og:description\" content=\"Fleur de Sel (franz\u00f6sisch f\u00fcr \u201eSalzblume\u201c) ist ein feines, handgesch\u00f6pftes Meersalz, das nur an der Oberfl\u00e4che von Salinen entsteht. Es bildet sich bei idealen Wetterbedingungen als hauchd\u00fcnne Schicht, die vorsichtig von Hand geerntet wird. Dank seiner einzigartigen Kristallstruktur ist es besonders zart und schmilzt sanft auf der Zunge. Es hat einen milden, komplexen Geschmack, der...\" \/>\n<meta property=\"og:url\" content=\"https:\/\/seldefrance.de\/?product=fleur-de-sel\" \/>\n<meta property=\"og:site_name\" content=\"Sel de France\" \/>\n<meta property=\"article:modified_time\" content=\"2025-10-04T15:55:49+00:00\" \/>\n<meta property=\"og:image\" content=\"https:\/\/seldefrance.de\/wp-content\/uploads\/2025\/10\/Gemini_Generated_Image_bkmvpqbkmvpqbkmv.png\" \/>\n\t<meta property=\"og:image:width\" content=\"864\" \/>\n\t<meta property=\"og:image:height\" content=\"1184\" \/>\n\t<meta property=\"og:image:type\" content=\"image\/png\" \/>\n<meta name=\"twitter:card\" content=\"summary_large_image\" \/>\n<meta name=\"twitter:label1\" content=\"Gesch\u00e4tzte Lesezeit\" \/>\n\t<meta name=\"twitter:data1\" content=\"1\u00a0Minute\" \/>\n<script type=\"application\/ld+json\" class=\"yoast-schema-graph\">{\"@context\":\"https:\/\/schema.org\",\"@graph\":[{\"@type\":\"WebPage\",\"@id\":\"https:\/\/seldefrance.de\/?product=fleur-de-sel\",\"url\":\"https:\/\/seldefrance.de\/?product=fleur-de-sel\",\"name\":\"Salz Medium - Sel de France\",\"isPartOf\":{\"@id\":\"https:\/\/seldefrance.de\/#website\"},\"primaryImageOfPage\":{\"@id\":\"https:\/\/seldefrance.de\/?product=fleur-de-sel#primaryimage\"},\"image\":{\"@id\":\"https:\/\/seldefrance.de\/?product=fleur-de-sel#primaryimage\"},\"thumbnailUrl\":\"https:\/\/seldefrance.de\/wp-content\/uploads\/2025\/10\/Gemini_Generated_Image_bkmvpqbkmvpqbkmv.png\",\"datePublished\":\"2025-10-04T12:07:33+00:00\",\"dateModified\":\"2025-10-04T15:55:49+00:00\",\"breadcrumb\":{\"@id\":\"https:\/\/seldefrance.de\/?product=fleur-de-sel#breadcrumb\"},\"inLanguage\":\"de\",\"potentialAction\":[{\"@type\":\"ReadAction\",\"target\":[\"https:\/\/seldefrance.de\/?product=fleur-de-sel\"]}]},{\"@type\":\"ImageObject\",\"inLanguage\":\"de\",\"@id\":\"https:\/\/seldefrance.de\/?product=fleur-de-sel#primaryimage\",\"url\":\"https:\/\/seldefrance.de\/wp-content\/uploads\/2025\/10\/Gemini_Generated_Image_bkmvpqbkmvpqbkmv.png\",\"contentUrl\":\"https:\/\/seldefrance.de\/wp-content\/uploads\/2025\/10\/Gemini_Generated_Image_bkmvpqbkmvpqbkmv.png\",\"width\":864,\"height\":1184,\"caption\":\"Tischsalz\"},{\"@type\":\"BreadcrumbList\",\"@id\":\"https:\/\/seldefrance.de\/?product=fleur-de-sel#breadcrumb\",\"itemListElement\":[{\"@type\":\"ListItem\",\"position\":1,\"name\":\"Startseite\",\"item\":\"https:\/\/seldefrance.de\/\"},{\"@type\":\"ListItem\",\"position\":2,\"name\":\"Shop\",\"item\":\"https:\/\/seldefrance.de\/?page_id=7\"},{\"@type\":\"ListItem\",\"position\":3,\"name\":\"Salz Medium\"}]},{\"@type\":\"WebSite\",\"@id\":\"https:\/\/seldefrance.de\/#website\",\"url\":\"https:\/\/seldefrance.de\/\",\"name\":\"Sel de France\",\"description\":\"Salz aus Noirmoutier\",\"potentialAction\":[{\"@type\":\"SearchAction\",\"target\":{\"@type\":\"EntryPoint\",\"urlTemplate\":\"https:\/\/seldefrance.de\/?s={search_term_string}\"},\"query-input\":{\"@type\":\"PropertyValueSpecification\",\"valueRequired\":true,\"valueName\":\"search_term_string\"}}],\"inLanguage\":\"de\"}]}<\/script>\n<!-- \/ Yoast SEO plugin. -->","yoast_head_json":{"title":"Salz Medium - Sel de France","robots":{"index":"index","follow":"follow","max-snippet":"max-snippet:-1","max-image-preview":"max-image-preview:large","max-video-preview":"max-video-preview:-1"},"canonical":"https:\/\/seldefrance.de\/?product=fleur-de-sel","og_locale":"de_DE","og_type":"article","og_title":"Salz Medium - Sel de France","og_description":"Fleur de Sel (franz\u00f6sisch f\u00fcr \u201eSalzblume\u201c) ist ein feines, handgesch\u00f6pftes Meersalz, das nur an der Oberfl\u00e4che von Salinen entsteht. Es bildet sich bei idealen Wetterbedingungen als hauchd\u00fcnne Schicht, die vorsichtig von Hand geerntet wird. Dank seiner einzigartigen Kristallstruktur ist es besonders zart und schmilzt sanft auf der Zunge. Es hat einen milden, komplexen Geschmack, der...","og_url":"https:\/\/seldefrance.de\/?product=fleur-de-sel","og_site_name":"Sel de France","article_modified_time":"2025-10-04T15:55:49+00:00","og_image":[{"width":864,"height":1184,"url":"https:\/\/seldefrance.de\/wp-content\/uploads\/2025\/10\/Gemini_Generated_Image_bkmvpqbkmvpqbkmv.png","type":"image\/png"}],"twitter_card":"summary_large_image","twitter_misc":{"Gesch\u00e4tzte Lesezeit":"1\u00a0Minute"},"schema":{"@context":"https:\/\/schema.org","@graph":[{"@type":"WebPage","@id":"https:\/\/seldefrance.de\/?product=fleur-de-sel","url":"https:\/\/seldefrance.de\/?product=fleur-de-sel","name":"Salz Medium - Sel de France","isPartOf":{"@id":"https:\/\/seldefrance.de\/#website"},"primaryImageOfPage":{"@id":"https:\/\/seldefrance.de\/?product=fleur-de-sel#primaryimage"},"image":{"@id":"https:\/\/seldefrance.de\/?product=fleur-de-sel#primaryimage"},"thumbnailUrl":"https:\/\/seldefrance.de\/wp-content\/uploads\/2025\/10\/Gemini_Generated_Image_bkmvpqbkmvpqbkmv.png","datePublished":"2025-10-04T12:07:33+00:00","dateModified":"2025-10-04T15:55:49+00:00","breadcrumb":{"@id":"https:\/\/seldefrance.de\/?product=fleur-de-sel#breadcrumb"},"inLanguage":"de","potentialAction":[{"@type":"ReadAction","target":["https:\/\/seldefrance.de\/?product=fleur-de-sel"]}]},{"@type":"ImageObject","inLanguage":"de","@id":"https:\/\/seldefrance.de\/?product=fleur-de-sel#primaryimage","url":"https:\/\/seldefrance.de\/wp-content\/uploads\/2025\/10\/Gemini_Generated_Image_bkmvpqbkmvpqbkmv.png","contentUrl":"https:\/\/seldefrance.de\/wp-content\/uploads\/2025\/10\/Gemini_Generated_Image_bkmvpqbkmvpqbkmv.png","width":864,"height":1184,"caption":"Tischsalz"},{"@type":"BreadcrumbList","@id":"https:\/\/seldefrance.de\/?product=fleur-de-sel#breadcrumb","itemListElement":[{"@type":"ListItem","position":1,"name":"Startseite","item":"https:\/\/seldefrance.de\/"},{"@type":"ListItem","position":2,"name":"Shop","item":"https:\/\/seldefrance.de\/?page_id=7"},{"@type":"ListItem","position":3,"name":"Salz Medium"}]},{"@type":"WebSite","@id":"https:\/\/seldefrance.de\/#website","url":"https:\/\/seldefrance.de\/","name":"Sel de France","description":"Salz aus Noirmoutier","potentialAction":[{"@type":"SearchAction","target":{"@type":"EntryPoint","urlTemplate":"https:\/\/seldefrance.de\/?s={search_term_string}"},"query-input":{"@type":"PropertyValueSpecification","valueRequired":true,"valueName":"search_term_string"}}],"inLanguage":"de"}]}},"_links":{"self":[{"href":"https:\/\/seldefrance.de\/index.php?rest_route=\/wp\/v2\/product\/10408","targetHints":{"allow":["GET"]}}],"collection":[{"href":"https:\/\/seldefrance.de\/index.php?rest_route=\/wp\/v2\/product"}],"about":[{"href":"https:\/\/seldefrance.de\/index.php?rest_route=\/wp\/v2\/types\/product"}],"replies":[{"embeddable":true,"href":"https:\/\/seldefrance.de\/index.php?rest_route=%2Fwp%2Fv2%2Fcomments&post=10408"}],"version-history":[{"count":2,"href":"https:\/\/seldefrance.de\/index.php?rest_route=\/wp\/v2\/product\/10408\/revisions"}],"predecessor-version":[{"id":10487,"href":"https:\/\/seldefrance.de\/index.php?rest_route=\/wp\/v2\/product\/10408\/revisions\/10487"}],"wp:featuredmedia":[{"embeddable":true,"href":"https:\/\/seldefrance.de\/index.php?rest_route=\/wp\/v2\/media\/10419"}],"wp:attachment":[{"href":"https:\/\/seldefrance.de\/index.php?rest_route=%2Fwp%2Fv2%2Fmedia&parent=10408"}],"wp:term":[{"taxonomy":"product_brand","embeddable":true,"href":"https:\/\/seldefrance.de\/index.php?rest_route=%2Fwp%2Fv2%2Fproduct_brand&post=10408"},{"taxonomy":"product_cat","embeddable":true,"href":"https:\/\/seldefrance.de\/index.php?rest_route=%2Fwp%2Fv2%2Fproduct_cat&post=10408"},{"taxonomy":"product_tag","embeddable":true,"href":"https:\/\/seldefrance.de\/index.php?rest_route=%2Fwp%2Fv2%2Fproduct_tag&post=10408"},{"taxonomy":"location","embeddable":true,"href":"https:\/\/seldefrance.de\/index.php?rest_route=%2Fwp%2Fv2%2Flocation&post=10408"}],"curies":[{"name":"wp","href":"https:\/\/api.w.org\/{rel}","templated":true}]}}